{"id":401,"date":"2021-05-20T17:56:34","date_gmt":"2021-05-20T17:56:34","guid":{"rendered":"http:\/\/creageen.com\/?page_id=401"},"modified":"2021-07-23T08:11:40","modified_gmt":"2021-07-23T08:11:40","slug":"blog","status":"publish","type":"page","link":"https:\/\/creageen.com\/fr\/blog\/","title":{"rendered":"Blogs"},"content":{"rendered":"<div data-elementor-type=\"wp-page\" data-elementor-id=\"401\" class=\"elementor elementor-401\">\n\t\t\t\t\t\t\t\t\t<section class=\"elementor-section elementor-top-section elementor-element elementor-element-1ea94c6 elementor-section-full_width elementor-section-height-min-height elementor-section-height-default elementor-section-items-middle\" data-id=\"1ea94c6\" data-element_type=\"section\" data-settings=\"{&quot;background_background&quot;:&quot;gradient&quot;}\">\n\t\t\t\t\t\t<div class=\"elementor-container elementor-column-gap-default\">\n\t\t\t\t\t<div class=\"elementor-column elementor-col-100 elementor-top-column elementor-element elementor-element-4706d37\" data-id=\"4706d37\" data-element_type=\"column\">\n\t\t\t<div class=\"elementor-widget-wrap elementor-element-populated\">\n\t\t\t\t\t\t\t\t<div class=\"elementor-element elementor-element-edd6c16 elementor-widget elementor-widget-heading\" data-id=\"edd6c16\" data-element_type=\"widget\" data-widget_type=\"heading.default\">\n\t\t\t\t<div class=\"elementor-widget-container\">\n\t\t\t<h1 class=\"elementor-heading-title elementor-size-default\">Notre Blog<\/h1>\t\t<\/div>\n\t\t\t\t<\/div>\n\t\t\t\t<div class=\"elementor-element elementor-element-911b467 elementor-widget elementor-widget-heading\" data-id=\"911b467\" data-element_type=\"widget\" data-widget_type=\"heading.default\">\n\t\t\t\t<div class=\"elementor-widget-container\">\n\t\t\t<h2 class=\"elementor-heading-title elementor-size-default\">Quoi de <br> neuf ?<\/h2>\t\t<\/div>\n\t\t\t\t<\/div>\n\t\t\t\t<div class=\"elementor-element elementor-element-cad1f56 elementor-widget-divider--view-line elementor-widget elementor-widget-divider\" data-id=\"cad1f56\" data-element_type=\"widget\" data-widget_type=\"divider.default\">\n\t\t\t\t<div class=\"elementor-widget-container\">\n\t\t\t\t\t<div class=\"elementor-divider\">\n\t\t\t<span class=\"elementor-divider-separator\">\n\t\t\t\t\t\t<\/span>\n\t\t<\/div>\n\t\t\t\t<\/div>\n\t\t\t\t<\/div>\n\t\t\t\t<div class=\"elementor-element elementor-element-63d2de7 elementor-align-center elementor-mobile-align-justify elementor-widget elementor-widget-button\" data-id=\"63d2de7\" data-element_type=\"widget\" data-widget_type=\"button.default\">\n\t\t\t\t<div class=\"elementor-widget-container\">\n\t\t\t\t\t<div class=\"elementor-button-wrapper\">\n\t\t\t<a class=\"elementor-button elementor-button-link elementor-size-sm elementor-animation-sink\" href=\"#blog\">\n\t\t\t\t\t\t<span class=\"elementor-button-content-wrapper\">\n\t\t\t\t\t\t<span class=\"elementor-button-icon elementor-align-icon-right\">\n\t\t\t\t<i aria-hidden=\"true\" class=\"fas fa-angle-double-down\"><\/i>\t\t\t<\/span>\n\t\t\t\t\t\t<span class=\"elementor-button-text\">Derni\u00e8res mises \u00e0 jour &amp; nouveaut\u00e9s<\/span>\n\t\t<\/span>\n\t\t\t\t\t<\/a>\n\t\t<\/div>\n\t\t\t\t<\/div>\n\t\t\t\t<\/div>\n\t\t\t\t\t<\/div>\n\t\t<\/div>\n\t\t\t\t\t\t\t<\/div>\n\t\t<\/section>\n\t\t\t\t<section class=\"elementor-section elementor-top-section elementor-element elementor-element-cecb6b9 elementor-section-boxed elementor-section-height-default elementor-section-height-default\" data-id=\"cecb6b9\" data-element_type=\"section\">\n\t\t\t\t\t\t<div class=\"elementor-container elementor-column-gap-default\">\n\t\t\t\t\t<div class=\"elementor-column elementor-col-100 elementor-top-column elementor-element elementor-element-a1f36ff\" data-id=\"a1f36ff\" data-element_type=\"column\">\n\t\t\t<div class=\"elementor-widget-wrap elementor-element-populated\">\n\t\t\t\t\t\t\t\t<div class=\"elementor-element elementor-element-93b3615 elementor-widget elementor-widget-menu-anchor\" data-id=\"93b3615\" data-element_type=\"widget\" data-widget_type=\"menu-anchor.default\">\n\t\t\t\t<div class=\"elementor-widget-container\">\n\t\t\t\t\t<div id=\"blog\" class=\"elementor-menu-anchor\"><\/div>\n\t\t\t\t<\/div>\n\t\t\t\t<\/div>\n\t\t\t\t<div class=\"elementor-element elementor-element-4b18fc4 elementor-grid-2 elementor-grid-tablet-2 elementor-grid-mobile-1 elementor-posts--thumbnail-top elementor-widget elementor-widget-posts\" data-id=\"4b18fc4\" data-element_type=\"widget\" data-settings=\"{&quot;classic_columns&quot;:&quot;2&quot;,&quot;pagination_type&quot;:&quot;prev_next&quot;,&quot;classic_columns_tablet&quot;:&quot;2&quot;,&quot;classic_columns_mobile&quot;:&quot;1&quot;,&quot;classic_row_gap&quot;:{&quot;unit&quot;:&quot;px&quot;,&quot;size&quot;:35,&quot;sizes&quot;:[]},&quot;classic_row_gap_tablet&quot;:{&quot;unit&quot;:&quot;px&quot;,&quot;size&quot;:&quot;&quot;,&quot;sizes&quot;:[]},&quot;classic_row_gap_mobile&quot;:{&quot;unit&quot;:&quot;px&quot;,&quot;size&quot;:&quot;&quot;,&quot;sizes&quot;:[]}}\" data-widget_type=\"posts.classic\">\n\t\t\t\t<div class=\"elementor-widget-container\">\n\t\t\t\t\t<div class=\"elementor-posts-container elementor-posts elementor-posts--skin-classic elementor-grid\">\n\t\t\t\t<article class=\"elementor-post elementor-grid-item post-1686 post type-post status-publish format-standard has-post-thumbnail hentry category-creativity category-gamification category-productivity category-training tag-brainstorming tag-creativity tag-innovation tag-internal-communication tag-productivity tag-workplace\">\n\t\t\t\t<a class=\"elementor-post__thumbnail__link\" href=\"https:\/\/creageen.com\/fr\/how-to-use-gamification-for-business-transformation\/\" >\n\t\t\t<div class=\"elementor-post__thumbnail\"><img loading=\"lazy\" decoding=\"async\" width=\"768\" height=\"512\" src=\"https:\/\/creageen.com\/wp-content\/uploads\/2022\/01\/How-to-Use-Gamification-for-Business-Transformation-768x512.png\" class=\"attachment-medium_large size-medium_large wp-image-1690\" alt=\"How to Use Gamification for Business Transformation\" srcset=\"https:\/\/creageen.com\/wp-content\/uploads\/2022\/01\/How-to-Use-Gamification-for-Business-Transformation-768x512.png 768w, https:\/\/creageen.com\/wp-content\/uploads\/2022\/01\/How-to-Use-Gamification-for-Business-Transformation-300x200.png 300w, https:\/\/creageen.com\/wp-content\/uploads\/2022\/01\/How-to-Use-Gamification-for-Business-Transformation.png 800w\" sizes=\"auto, (max-width: 768px) 100vw, 768px\" \/><\/div>\n\t\t<\/a>\n\t\t\t\t<div class=\"elementor-post__text\">\n\t\t\t\t<h3 class=\"elementor-post__title\">\n\t\t\t<a href=\"https:\/\/creageen.com\/fr\/how-to-use-gamification-for-business-transformation\/\" >\n\t\t\t\tComment utiliser la ludification pour la transformation op\u00e9rationnelle\t\t\t<\/a>\n\t\t<\/h3>\n\t\t\t\t<div class=\"elementor-post__meta-data\">\n\t\t\t\t\t<span class=\"elementor-post-author\">\n\t\t\tadministrateur\t\t<\/span>\n\t\t\t\t<span class=\"elementor-post-date\">\n\t\t\tjanvier 18, 2022\t\t<\/span>\n\t\t\t\t<\/div>\n\t\t\t\t<div class=\"elementor-post__excerpt\">\n\t\t\t<p>La ludification est l\u2019une des technologies qui explosent en popularit\u00e9 et peut changer la fa\u00e7on dont votre entreprise pense, communique et forme ses employ\u00e9s.<\/p>\n\t\t<\/div>\n\t\t\t\t\t<a class=\"elementor-post__read-more\" href=\"https:\/\/creageen.com\/fr\/how-to-use-gamification-for-business-transformation\/\" >\n\t\t\t\tLire davantage\t\t\t<\/a>\n\t\t\t\t<\/div>\n\t\t\t\t<\/article>\n\t\t\t\t<article class=\"elementor-post elementor-grid-item post-1665 post type-post status-publish format-standard has-post-thumbnail hentry category-creativity category-internal-communication category-productivity tag-communication tag-community tag-creativity tag-ideation tag-leadership\">\n\t\t\t\t<a class=\"elementor-post__thumbnail__link\" href=\"https:\/\/creageen.com\/fr\/everything-you-need-to-know-about-ideation\/\" >\n\t\t\t<div class=\"elementor-post__thumbnail\"><img loading=\"lazy\" decoding=\"async\" width=\"768\" height=\"512\" src=\"https:\/\/creageen.com\/wp-content\/uploads\/2021\/11\/Everything-You-Need-to-Know-About-Ideation-768x512.png\" class=\"attachment-medium_large size-medium_large wp-image-1668\" alt=\"Everything You Need to Know About Ideation\" srcset=\"https:\/\/creageen.com\/wp-content\/uploads\/2021\/11\/Everything-You-Need-to-Know-About-Ideation-768x512.png 768w, https:\/\/creageen.com\/wp-content\/uploads\/2021\/11\/Everything-You-Need-to-Know-About-Ideation-300x200.png 300w, https:\/\/creageen.com\/wp-content\/uploads\/2021\/11\/Everything-You-Need-to-Know-About-Ideation.png 800w\" sizes=\"auto, (max-width: 768px) 100vw, 768px\" \/><\/div>\n\t\t<\/a>\n\t\t\t\t<div class=\"elementor-post__text\">\n\t\t\t\t<h3 class=\"elementor-post__title\">\n\t\t\t<a href=\"https:\/\/creageen.com\/fr\/everything-you-need-to-know-about-ideation\/\" >\n\t\t\t\tTout ce dont vous avez besoin de savoir \u00e0 propos de l'id\u00e9ation\t\t\t<\/a>\n\t\t<\/h3>\n\t\t\t\t<div class=\"elementor-post__meta-data\">\n\t\t\t\t\t<span class=\"elementor-post-author\">\n\t\t\tadministrateur\t\t<\/span>\n\t\t\t\t<span class=\"elementor-post-date\">\n\t\t\tnovembre 10, 2021\t\t<\/span>\n\t\t\t\t<\/div>\n\t\t\t\t<div class=\"elementor-post__excerpt\">\n\t\t\t<p>L\u2019id\u00e9ation joue un r\u00f4le important dans l\u2019am\u00e9lioration de la communication interne au sein de votre entreprise et de votre fa\u00e7on de travailler.<\/p>\n\t\t<\/div>\n\t\t\t\t\t<a class=\"elementor-post__read-more\" href=\"https:\/\/creageen.com\/fr\/everything-you-need-to-know-about-ideation\/\" >\n\t\t\t\tLire davantage\t\t\t<\/a>\n\t\t\t\t<\/div>\n\t\t\t\t<\/article>\n\t\t\t\t<article class=\"elementor-post elementor-grid-item post-1657 post type-post status-publish format-standard has-post-thumbnail hentry category-internal-communication category-new-ways-of-working category-productivity tag-internal-communication tag-life-and-work-balance tag-new-ways-of-working tag-productivity tag-wellness tag-working-remotely tag-workplace\">\n\t\t\t\t<a class=\"elementor-post__thumbnail__link\" href=\"https:\/\/creageen.com\/fr\/new-ways-of-working-a-remote-solution-to-reimagining-life-and-work-balance\/\" >\n\t\t\t<div class=\"elementor-post__thumbnail\"><img loading=\"lazy\" decoding=\"async\" width=\"768\" height=\"512\" src=\"https:\/\/creageen.com\/wp-content\/uploads\/2021\/10\/New-Ways-of-Working-a-Remote-Solution-to-Reimagining-Life-and-Work-Balance-768x512.png\" class=\"attachment-medium_large size-medium_large wp-image-1660\" alt=\"New Ways of Working a Remote Solution to Reimagining Life and Work Balance\" srcset=\"https:\/\/creageen.com\/wp-content\/uploads\/2021\/10\/New-Ways-of-Working-a-Remote-Solution-to-Reimagining-Life-and-Work-Balance-768x512.png 768w, https:\/\/creageen.com\/wp-content\/uploads\/2021\/10\/New-Ways-of-Working-a-Remote-Solution-to-Reimagining-Life-and-Work-Balance-300x200.png 300w, https:\/\/creageen.com\/wp-content\/uploads\/2021\/10\/New-Ways-of-Working-a-Remote-Solution-to-Reimagining-Life-and-Work-Balance.png 800w\" sizes=\"auto, (max-width: 768px) 100vw, 768px\" \/><\/div>\n\t\t<\/a>\n\t\t\t\t<div class=\"elementor-post__text\">\n\t\t\t\t<h3 class=\"elementor-post__title\">\n\t\t\t<a href=\"https:\/\/creageen.com\/fr\/new-ways-of-working-a-remote-solution-to-reimagining-life-and-work-balance\/\" >\n\t\t\t\tNouvelles fa\u00e7ons de travailler \u00e0 distance pour r\u00e9inventer la vie et l\u2019\u00e9quilibre au travail\t\t\t<\/a>\n\t\t<\/h3>\n\t\t\t\t<div class=\"elementor-post__meta-data\">\n\t\t\t\t\t<span class=\"elementor-post-author\">\n\t\t\tadministrateur\t\t<\/span>\n\t\t\t\t<span class=\"elementor-post-date\">\n\t\t\toctobre 20, 2021\t\t<\/span>\n\t\t\t\t<\/div>\n\t\t\t\t<div class=\"elementor-post__excerpt\">\n\t\t\t<p>La cr\u00e9ation d\u2019un environnement et d\u2019une culture qui favorisent la sant\u00e9, le bien-\u00eatre et la cr\u00e9ativit\u00e9 des employ\u00e9s leur permet de s\u2019\u00e9panouir et de se sentir \u00e9panouis, ce qui les aide \u00e0 rester en forme physique et mentale.<\/p>\n\t\t<\/div>\n\t\t\t\t\t<a class=\"elementor-post__read-more\" href=\"https:\/\/creageen.com\/fr\/new-ways-of-working-a-remote-solution-to-reimagining-life-and-work-balance\/\" >\n\t\t\t\tLire davantage\t\t\t<\/a>\n\t\t\t\t<\/div>\n\t\t\t\t<\/article>\n\t\t\t\t<article class=\"elementor-post elementor-grid-item post-1608 post type-post status-publish format-standard has-post-thumbnail hentry category-creativity category-productivity tag-creativity tag-new-ways-of-working tag-productivity tag-self-discovery tag-technology tag-well-being tag-workplace\">\n\t\t\t\t<a class=\"elementor-post__thumbnail__link\" href=\"https:\/\/creageen.com\/fr\/creativity-the-new-productivity\/\" >\n\t\t\t<div class=\"elementor-post__thumbnail\"><img loading=\"lazy\" decoding=\"async\" width=\"768\" height=\"512\" src=\"https:\/\/creageen.com\/wp-content\/uploads\/2021\/09\/creativity-the-new-productivity-768x512.png\" class=\"attachment-medium_large size-medium_large wp-image-1613\" alt=\"Creativity, the New Productivity\" srcset=\"https:\/\/creageen.com\/wp-content\/uploads\/2021\/09\/creativity-the-new-productivity-768x512.png 768w, https:\/\/creageen.com\/wp-content\/uploads\/2021\/09\/creativity-the-new-productivity-300x200.png 300w, https:\/\/creageen.com\/wp-content\/uploads\/2021\/09\/creativity-the-new-productivity.png 800w\" sizes=\"auto, (max-width: 768px) 100vw, 768px\" \/><\/div>\n\t\t<\/a>\n\t\t\t\t<div class=\"elementor-post__text\">\n\t\t\t\t<h3 class=\"elementor-post__title\">\n\t\t\t<a href=\"https:\/\/creageen.com\/fr\/creativity-the-new-productivity\/\" >\n\t\t\t\tLa cr\u00e9ativit\u00e9, la nouvelle productivit\u00e9\t\t\t<\/a>\n\t\t<\/h3>\n\t\t\t\t<div class=\"elementor-post__meta-data\">\n\t\t\t\t\t<span class=\"elementor-post-author\">\n\t\t\tadministrateur\t\t<\/span>\n\t\t\t\t<span class=\"elementor-post-date\">\n\t\t\tseptembre 23, 2021\t\t<\/span>\n\t\t\t\t<\/div>\n\t\t\t\t<div class=\"elementor-post__excerpt\">\n\t\t\t<p>La productivit\u00e9 est au c\u0153ur des pr\u00e9occupations de l\u2019humanit\u00e9 depuis des si\u00e8cles. Mais d\u2019\u00e9normes progr\u00e8s technologiques, la mondialisation et l\u2019\u00e9volution pr\u00e9cipit\u00e9e du paysage du travail ont d\u00e9tourn\u00e9 notre attention collective vers la cr\u00e9ativit\u00e9 en tant que nouveau moteur de changement et avantage concurrentiel. <\/p>\n\t\t<\/div>\n\t\t\t\t\t<a class=\"elementor-post__read-more\" href=\"https:\/\/creageen.com\/fr\/creativity-the-new-productivity\/\" >\n\t\t\t\tLire davantage\t\t\t<\/a>\n\t\t\t\t<\/div>\n\t\t\t\t<\/article>\n\t\t\t\t<article class=\"elementor-post elementor-grid-item post-1598 post type-post status-publish format-standard has-post-thumbnail hentry category-3d-image-video tag-3d-image tag-3d-video tag-video tag-visuals\">\n\t\t\t\t<a class=\"elementor-post__thumbnail__link\" href=\"https:\/\/creageen.com\/fr\/why-its-time-to-start-embracing-3d-and-video-content-if-you-want-eyes-on-your-brand\/\" >\n\t\t\t<div class=\"elementor-post__thumbnail\"><img loading=\"lazy\" decoding=\"async\" width=\"768\" height=\"512\" src=\"https:\/\/creageen.com\/wp-content\/uploads\/2021\/09\/Why-its-Time-to-Start-Embracing-3D-and-Video-Content-if-you-Want-Eyes-on-Your-Brand-768x512.png\" class=\"attachment-medium_large size-medium_large wp-image-1603\" alt=\"Why it&#039;s Time to Start Embracing 3D and Video Content if you Want Eyes on Your Brand\" srcset=\"https:\/\/creageen.com\/wp-content\/uploads\/2021\/09\/Why-its-Time-to-Start-Embracing-3D-and-Video-Content-if-you-Want-Eyes-on-Your-Brand-768x512.png 768w, https:\/\/creageen.com\/wp-content\/uploads\/2021\/09\/Why-its-Time-to-Start-Embracing-3D-and-Video-Content-if-you-Want-Eyes-on-Your-Brand-300x200.png 300w, https:\/\/creageen.com\/wp-content\/uploads\/2021\/09\/Why-its-Time-to-Start-Embracing-3D-and-Video-Content-if-you-Want-Eyes-on-Your-Brand.png 800w\" sizes=\"auto, (max-width: 768px) 100vw, 768px\" \/><\/div>\n\t\t<\/a>\n\t\t\t\t<div class=\"elementor-post__text\">\n\t\t\t\t<h3 class=\"elementor-post__title\">\n\t\t\t<a href=\"https:\/\/creageen.com\/fr\/why-its-time-to-start-embracing-3d-and-video-content-if-you-want-eyes-on-your-brand\/\" >\n\t\t\t\tPourquoi il est temps de commencer \u00e0 adopter le contenu 3D et vid\u00e9o si vous voulez garder un \u0153il sur votre marque\t\t\t<\/a>\n\t\t<\/h3>\n\t\t\t\t<div class=\"elementor-post__meta-data\">\n\t\t\t\t\t<span class=\"elementor-post-author\">\n\t\t\tadministrateur\t\t<\/span>\n\t\t\t\t<span class=\"elementor-post-date\">\n\t\t\tseptembre 8, 2021\t\t<\/span>\n\t\t\t\t<\/div>\n\t\t\t\t<div class=\"elementor-post__excerpt\">\n\t\t\t<p>Ce n\u2019est un secret pour personne que la popularit\u00e9 du contenu vid\u00e9o est \u00e0 la hausse depuis de nombreuses ann\u00e9es. Cependant, les restrictions de voyage, les confinements et la r\u00e9volution du t\u00e9l\u00e9travail ont acc\u00e9l\u00e9r\u00e9 l\u2019importance et l\u2019impact du contenu vid\u00e9o pour les entreprises, tant \u00e0 l\u2019interne pour les employ\u00e9s qu\u2019\u00e0 l\u2019externe pour les clients.<\/p>\n\t\t<\/div>\n\t\t\t\t\t<a class=\"elementor-post__read-more\" href=\"https:\/\/creageen.com\/fr\/why-its-time-to-start-embracing-3d-and-video-content-if-you-want-eyes-on-your-brand\/\" >\n\t\t\t\tLire davantage\t\t\t<\/a>\n\t\t\t\t<\/div>\n\t\t\t\t<\/article>\n\t\t\t\t<article class=\"elementor-post elementor-grid-item post-1585 post type-post status-publish format-standard has-post-thumbnail hentry category-internal-communication tag-healthy-environment tag-internal-communication tag-team-collaboration tag-wellness tag-workplace\">\n\t\t\t\t<a class=\"elementor-post__thumbnail__link\" href=\"https:\/\/creageen.com\/fr\/thriving-on-healthy-internal-communication-habits\/\" >\n\t\t\t<div class=\"elementor-post__thumbnail\"><img loading=\"lazy\" decoding=\"async\" width=\"768\" height=\"512\" src=\"https:\/\/creageen.com\/wp-content\/uploads\/2021\/08\/CreaGeen-Blog-Headers-768x512.png\" class=\"attachment-medium_large size-medium_large wp-image-1589\" alt=\"Thriving on Healthy Internal Communication Habits\" srcset=\"https:\/\/creageen.com\/wp-content\/uploads\/2021\/08\/CreaGeen-Blog-Headers-768x512.png 768w, https:\/\/creageen.com\/wp-content\/uploads\/2021\/08\/CreaGeen-Blog-Headers-300x200.png 300w, https:\/\/creageen.com\/wp-content\/uploads\/2021\/08\/CreaGeen-Blog-Headers.png 800w\" sizes=\"auto, (max-width: 768px) 100vw, 768px\" \/><\/div>\n\t\t<\/a>\n\t\t\t\t<div class=\"elementor-post__text\">\n\t\t\t\t<h3 class=\"elementor-post__title\">\n\t\t\t<a href=\"https:\/\/creageen.com\/fr\/thriving-on-healthy-internal-communication-habits\/\" >\n\t\t\t\tAdopter de saines habitudes de communication interne\t\t\t<\/a>\n\t\t<\/h3>\n\t\t\t\t<div class=\"elementor-post__meta-data\">\n\t\t\t\t\t<span class=\"elementor-post-author\">\n\t\t\tadministrateur\t\t<\/span>\n\t\t\t\t<span class=\"elementor-post-date\">\n\t\t\tao\u00fbt 4, 2021\t\t<\/span>\n\t\t\t\t<\/div>\n\t\t\t\t<div class=\"elementor-post__excerpt\">\n\t\t\t<p>Une \u00e9quipe est souvent d\u00e9crite comme un arbre qui a besoin de nourriture pour se renforcer et produire des r\u00e9sultats productifs. Par cons\u00e9quent, nous devons encourager et b\u00e2tir une culture de travail o\u00f9 les employ\u00e9s se font confiance, se respectent et se motivent, et tout commence par une communication interne efficace.<\/p>\n\t\t<\/div>\n\t\t\t\t\t<a class=\"elementor-post__read-more\" href=\"https:\/\/creageen.com\/fr\/thriving-on-healthy-internal-communication-habits\/\" >\n\t\t\t\tLire davantage\t\t\t<\/a>\n\t\t\t\t<\/div>\n\t\t\t\t<\/article>\n\t\t\t\t<\/div>\n\n\n\t\t\n\t\t\t\t<\/div>\n\t\t\t\t<\/div>\n\t\t\t\t\t<\/div>\n\t\t<\/div>\n\t\t\t\t\t\t\t<\/div>\n\t\t<\/section>\n\t\t\t\t\t\t\t<\/div>","protected":false},"excerpt":{"rendered":"<p>Our Blog What Is Going On Latest Updates &#038; News<\/p>","protected":false},"author":1,"featured_media":0,"parent":0,"menu_order":0,"comment_status":"closed","ping_status":"closed","template":"","meta":{"footnotes":""},"class_list":["post-401","page","type-page","status-publish","hentry"],"_links":{"self":[{"href":"https:\/\/creageen.com\/fr\/wp-json\/wp\/v2\/pages\/401","targetHints":{"allow":["GET"]}}],"collection":[{"href":"https:\/\/creageen.com\/fr\/wp-json\/wp\/v2\/pages"}],"about":[{"href":"https:\/\/creageen.com\/fr\/wp-json\/wp\/v2\/types\/page"}],"author":[{"embeddable":true,"href":"https:\/\/creageen.com\/fr\/wp-json\/wp\/v2\/users\/1"}],"replies":[{"embeddable":true,"href":"https:\/\/creageen.com\/fr\/wp-json\/wp\/v2\/comments?post=401"}],"version-history":[{"count":11,"href":"https:\/\/creageen.com\/fr\/wp-json\/wp\/v2\/pages\/401\/revisions"}],"predecessor-version":[{"id":1582,"href":"https:\/\/creageen.com\/fr\/wp-json\/wp\/v2\/pages\/401\/revisions\/1582"}],"wp:attachment":[{"href":"https:\/\/creageen.com\/fr\/wp-json\/wp\/v2\/media?parent=401"}],"curies":[{"name":"wp","href":"https:\/\/api.w.org\/{rel}","templated":true}]}}