{"id":97,"date":"2021-05-17T18:38:04","date_gmt":"2021-05-17T18:38:04","guid":{"rendered":"http:\/\/creageen.com\/?page_id=97"},"modified":"2022-01-07T17:28:01","modified_gmt":"2022-01-07T17:28:01","slug":"cookies","status":"publish","type":"page","link":"https:\/\/creageen.com\/fr\/cookies\/","title":{"rendered":"Politique des cookies"},"content":{"rendered":"<div data-elementor-type=\"wp-page\" data-elementor-id=\"97\" class=\"elementor elementor-97\">\n\t\t\t\t\t\t\t\t\t<section class=\"elementor-section elementor-top-section elementor-element elementor-element-b3c4f9a elementor-section-full_width elementor-section-height-min-height elementor-section-height-default elementor-section-items-middle\" data-id=\"b3c4f9a\" data-element_type=\"section\" data-settings=\"{&quot;background_background&quot;:&quot;gradient&quot;}\">\n\t\t\t\t\t\t<div class=\"elementor-container elementor-column-gap-default\">\n\t\t\t\t\t<div class=\"elementor-column elementor-col-100 elementor-top-column elementor-element elementor-element-e013292\" data-id=\"e013292\" data-element_type=\"column\">\n\t\t\t<div class=\"elementor-widget-wrap elementor-element-populated\">\n\t\t\t\t\t\t\t\t<div class=\"elementor-element elementor-element-452f8c7 elementor-widget elementor-widget-heading\" data-id=\"452f8c7\" data-element_type=\"widget\" data-widget_type=\"heading.default\">\n\t\t\t\t<div class=\"elementor-widget-container\">\n\t\t\t<h1 class=\"elementor-heading-title elementor-size-default\">Politique des cookies<\/h1>\t\t<\/div>\n\t\t\t\t<\/div>\n\t\t\t\t<div class=\"elementor-element elementor-element-bb5030c elementor-widget-divider--view-line elementor-widget elementor-widget-divider\" data-id=\"bb5030c\" data-element_type=\"widget\" data-widget_type=\"divider.default\">\n\t\t\t\t<div class=\"elementor-widget-container\">\n\t\t\t\t\t<div class=\"elementor-divider\">\n\t\t\t<span class=\"elementor-divider-separator\">\n\t\t\t\t\t\t<\/span>\n\t\t<\/div>\n\t\t\t\t<\/div>\n\t\t\t\t<\/div>\n\t\t\t\t\t<\/div>\n\t\t<\/div>\n\t\t\t\t\t\t\t<\/div>\n\t\t<\/section>\n\t\t\t\t<section class=\"elementor-section elementor-top-section elementor-element elementor-element-77fdd5a6 elementor-section-boxed elementor-section-height-default elementor-section-height-default\" data-id=\"77fdd5a6\" data-element_type=\"section\">\n\t\t\t\t\t\t<div class=\"elementor-container elementor-column-gap-default\">\n\t\t\t\t\t<div class=\"elementor-column elementor-col-100 elementor-top-column elementor-element elementor-element-36d0bb53\" data-id=\"36d0bb53\" data-element_type=\"column\">\n\t\t\t<div class=\"elementor-widget-wrap elementor-element-populated\">\n\t\t\t\t\t\t\t\t<div class=\"elementor-element elementor-element-55412690 elementor-widget elementor-widget-text-editor\" data-id=\"55412690\" data-element_type=\"widget\" data-widget_type=\"text-editor.default\">\n\t\t\t\t<div class=\"elementor-widget-container\">\n\t\t\t\t\t\t\t<!-- wp:paragraph -->\n<p>CreaGeen SRL\u00a0 (\u201c<em><strong>CreaGeen<\/strong><\/em>\u00ab\u00a0) informe, par le biais de la pr\u00e9sente politique relative aux t\u00e9moins, de l\u2019utilisation de dispositifs de stockage et de r\u00e9cup\u00e9ration de donn\u00e9es dans l\u2019\u00e9quipement terminal des utilisateurs.<\/p>\n<!-- \/wp:paragraph --><!-- wp:paragraph -->\n<p><strong>1.- Que sont les cookies?<\/strong><\/p>\n<!-- \/wp:paragraph --><!-- wp:paragraph -->\n<p>Les cookies sont des fichiers qui sont t\u00e9l\u00e9charg\u00e9s sur l\u2019ordinateur \/ smartphone \/ tablette de l\u2019utilisateur pour acc\u00e9der \u00e0 certains sites Web et applications qui permettent de stocker les pr\u00e9f\u00e9rences de navigation de l\u2019utilisateur, ce qui rend l\u2019interaction entre l\u2019utilisateur et le site Web plus rapide et plus facile.<\/p>\n<!-- \/wp:paragraph --><!-- wp:paragraph -->\n<p>Les informations collect\u00e9es par les cookies sont anonymes et ne contiennent aucune information sensible car elles ne collectent pas de donn\u00e9es permettant d\u2019identifier personnellement l\u2019Utilisateur. Dans tous les cas, l\u2019utilisateur pourra acc\u00e9der au panneau de configuration de son navigateur pour modifier et\/ou bloquer le t\u00e9l\u00e9chargement et l\u2019installation des cookies envoy\u00e9s \u00e0 partir du Site, sans que cela n\u2019emp\u00eache l\u2019acc\u00e8s au contenu.<\/p>\n<!-- \/wp:paragraph --><!-- wp:paragraph -->\n<p><strong>2.- Pourquoi CreaGeen utilise-t-il des cookies ?<\/strong><\/p>\n<!-- \/wp:paragraph --><!-- wp:paragraph -->\n<p>Conform\u00e9ment \u00e0 l\u2019article 22 de la loi sur les services de la soci\u00e9t\u00e9 de l\u2019information et du commerce \u00e9lectronique, ainsi qu\u2019au consid\u00e9rant (30) du r\u00e8glement g\u00e9n\u00e9ral sur la protection des donn\u00e9es (ci-apr\u00e8s \u00ab\u00a0)<strong><em>GDPR<\/em><\/strong>\u201c), this Website uses cookies or other information storage and retrieval devices to track users\u2019 interactions with the services offered on the Website.<\/p>\n<!-- \/wp:paragraph --><!-- wp:paragraph -->\n<p>Les cookies peuvent reconna\u00eetre le navigateur d\u2019un utilisateur et le type d\u2019appareil \u00e0 partir duquel l\u2019utilisateur a acc\u00e9d\u00e9 au site Web et sont utilis\u00e9s pour faciliter la prochaine visite de l\u2019utilisateur et rendre le site Web plus utile.<\/p>\n<!-- \/wp:paragraph --><!-- wp:paragraph -->\n<p>CreaGeen utilise des cookies pour\u00a0:<\/p>\n<!-- \/wp:paragraph --><!-- wp:list -->\n<ul>\n<li>Optimiser la navigation de l\u2019utilisateur en suivant la session.<\/li>\n<li>Recueillir de l\u2019information pour optimiser la navigation et am\u00e9liorer le site Web.<\/li>\n<\/ul>\n<!-- \/wp:list --><!-- wp:paragraph -->\n<p>Le Site utilise les types de cookies suivants\u00a0:<\/p>\n<!-- \/wp:paragraph --><!-- wp:paragraph -->\n<p><strong>Obligatoire<\/strong>\u00a0: Cookies strictement n\u00e9cessaires pour fournir un service ou un contenu demand\u00e9 par l\u2019utilisateur. Ceux-ci prennent soin des aspects techniques tels que l\u2019identification des enregistrements et la gestion des pr\u00e9f\u00e9rences d\u2019outils dans l\u2019utilisation, l\u2019interaction et l\u2019emplacement de l\u2019acc\u00e8s au contenu.<\/p>\n<!-- \/wp:paragraph --><!-- wp:paragraph -->\n<p><strong>Fonctionnel<\/strong>\u00a0: Les cookies fonctionnels donnent \u00e0 l\u2019utilisateur des informations qui enrichissent l\u2019exp\u00e9rience de navigation, comme l\u2019affichage des pr\u00e9visions m\u00e9t\u00e9orologiques en fonction de votre emplacement.<\/p>\n<!-- \/wp:paragraph --><!-- wp:paragraph -->\n<p><strong>Statistiques\/analyses<\/strong>\u00a0: Ces cookies collectent des informations concernant l\u2019utilisation de la page, telles que le s\u00e9jour de la page et le contenu visit\u00e9 par les lecteurs pour mesurer leurs performances et am\u00e9liorer la navigation.<\/p>\n<!-- \/wp:paragraph --><!-- wp:paragraph -->\n<p>Les principaux objectifs poursuivis avec ce type de cookie sont\u00a0:<\/p>\n<!-- \/wp:paragraph --><!-- wp:list -->\n<ul>\n<li>Permettre l\u2019identification anonyme des Utilisateurs de navigation et donc la comptabilisation approximative du nombre de visiteurs.<\/li>\n<li>Identifier anonymement les contenus les plus visit\u00e9s.<\/li>\n<li>Pour savoir si l\u2019utilisateur qui acc\u00e8de est nouveau ou s\u2019il a r\u00e9p\u00e9t\u00e9 la visite.<\/li>\n<\/ul>\n<!-- \/wp:list --><!-- wp:paragraph -->\n<p>\u00a0<\/p>\n<p><strong>4.- Comment d\u00e9sactiver les cookies ?<\/strong><\/p>\n<!-- \/wp:paragraph --><!-- wp:paragraph -->\n<p>Les cookies qui ne sont pas obligatoires pour la navigation sur ce site Web peuvent \u00eatre d\u00e9sactiv\u00e9s dans le\u00a0<a>\u201cConfigure Cookies here\u201d.<\/a><a href=\"https:\/\/brieffin.com\/cookies-policy\/#_msocom_1\">[pfs1]<\/a>\u00a0<\/p>\n<!-- \/wp:paragraph --><!-- wp:paragraph -->\n<p>Ces param\u00e8tres se trouvent dans le pied de page du site Web. En outre, tous les navigateurs permettent \u00e0 l\u2019utilisateur d\u2019apporter des modifications pour d\u00e9sactiver les param\u00e8tres des cookies.<\/p>\n<!-- \/wp:paragraph --><!-- wp:paragraph -->\n<p>C\u2019est pourquoi la plupart des navigateurs offrent la possibilit\u00e9 de g\u00e9rer les cookies, pour un contr\u00f4le plus pr\u00e9cis de la vie priv\u00e9e. Ces param\u00e8tres se trouvent dans le menu \u00ab\u00a0options\u00a0\u00bb ou \u00ab\u00a0pr\u00e9f\u00e9rences\u00a0\u00bb de votre navigateur.<\/p>\n<!-- \/wp:paragraph --><!-- wp:paragraph -->\n<p>Ci-dessous, vous pouvez trouver des liens pour chaque navigateur pour d\u00e9sactiver les cookies en suivant les instructions\u00a0:<\/p>\n<!-- \/wp:paragraph --><!-- wp:list -->\n<p><strong>Internet Explorer<\/strong>\u00a0(<a href=\"https:\/\/goo.gl\/iU2wh2\">https:\/\/goo.gl\/iU2wh2<\/a>)<\/p>\n<!-- \/wp:list --><!-- wp:list -->\n<ul>\n<li>Dans le menu de l\u2019outil, s\u00e9lectionnez \u00ab\u00a0Options Internet\u00a0\u00bb.<\/li>\n<li>Cliquez sur l\u2019onglet Confidentialit\u00e9.<\/li>\n<li>Vous pouvez d\u00e9finir la confidentialit\u00e9 avec un curseur \u00e0 six positions qui vous permet de contr\u00f4ler le nombre de cookies qui seront install\u00e9s\u00a0: Bloquer tous les cookies, \u00c9lev\u00e9, Moyen \u00c9lev\u00e9, Moyen (niveau par d\u00e9faut), Faible et Accepter tous les cookies.<\/li>\n<\/ul>\n<p>\u00a0<\/p>\n<p><strong>Mozilla Firefox<\/strong>\u00a0(http:\/\/goo.gl\/QXWYmv)<\/p>\n<!-- \/wp:list --><!-- wp:list -->\n<ul>\n<li>En haut de la vente Firefox cliquez sur le menu Outils.<\/li>\n<li>Cliquez sur Options.<\/li>\n<li>S\u00e9lectionnez le panneau Confidentialit\u00e9.<\/li>\n<li>Sous l\u2019option Firefox, vous pouvez choisir d\u2019utiliser un param\u00e8tre d\u2019historique personnalis\u00e9, ainsi que d\u2019autres questions li\u00e9es \u00e0 votre vie priv\u00e9e.<\/li>\n<\/ul>\n<p>\u00a0<\/p>\n<p><strong>Google Chrome<\/strong>\u00a0(<a href=\"http:\/\/goo.gl\/fQnkSB\">http:\/\/goo.gl\/fQnkSB<\/a>)<\/p>\n<!-- \/wp:list --><!-- wp:list -->\n<ul>\n<li>Cliquez sur le menu situ\u00e9 dans la barre d\u2019outils.<\/li>\n<li>Cliquez sur Param\u00e8tres<\/li>\n<li>Cliquez sur Afficher les options avanc\u00e9es.<\/li>\n<li>Dans la s\u00e9lection \u00ab\u00a0Confidentialit\u00e9\u00a0\u00bb, cliquez sur le bouton Param\u00e8tres de contenu.<\/li>\n<li>Dans la s\u00e9lection Cookies, vous pouvez configurer les options.<\/li>\n<\/ul>\n<p>\u00a0<\/p>\n<p><strong>Safari<\/strong>\u00a0(https:\/\/goo.gl\/PcjEm3;\u00a0<a href=\"https:\/\/goo.gl\/dQywEo\">https:\/\/goo.gl\/dQywEo<\/a>)<\/p>\n<!-- \/wp:list --><!-- wp:list -->\n<ul>\n<li>Dans le menu de configuration, s\u00e9lectionnez l\u2019option \u00ab\u00a0Pr\u00e9f\u00e9rences\u00a0\u00bb.<\/li>\n<li>Ouvrez l\u2019onglet Confidentialit\u00e9.<\/li>\n<li>S\u00e9lectionnez l\u2019option souhait\u00e9e dans la section \u00ab\u00a0Bloquer les t\u00e9moins\u00a0\u00bb.<\/li>\n<li>Veuillez noter que certaines fonctionnalit\u00e9s et fonctionnalit\u00e9s compl\u00e8tes du site Web peuvent ne pas \u00eatre disponibles apr\u00e8s la d\u00e9sactivation des cookies.<\/li>\n<\/ul>\n<!-- \/wp:list --><!-- wp:paragraph -->\n<p>\u00a0<\/p>\n<p>Si vous ne voulez pas \u00eatre suivi par des cookies, Google a d\u00e9velopp\u00e9 un add-on \u00e0 installer dans votre navigateur que vous pouvez acc\u00e9der au lien suivant\u00a0:\u00a0<a href=\"http:\/\/goo.gl\/up4ND\">http:\/\/goo.gl\/up4ND<\/a>.<\/p>\n<!-- \/wp:paragraph --><!-- wp:paragraph -->\n<p><strong>5.- Cookies sur les appareils mobiles<\/strong><\/p>\n<!-- \/wp:paragraph --><!-- wp:paragraph -->\n<p>CreaGeen sur le Site utilise \u00e9galement des cookies ou d\u2019autres dispositifs de stockage sur les appareils mobiles.<\/p>\n<!-- \/wp:paragraph --><!-- wp:paragraph -->\n<p>Les cookies qui ne sont pas obligatoires pour la navigation sur ce site Web peuvent \u00eatre d\u00e9sactiv\u00e9s dans la section \u00ab\u00a0Configurer les cookies ici\u00a0\u00bb.\u00a0\u00a0\u00a0\u00a0\u00a0\u00a0\u00a0\u00a0\u00a0\u00a0<\/p>\n<!-- \/wp:paragraph --><!-- wp:paragraph -->\n<p>Ces param\u00e8tres se trouvent dans le pied de page du site Web. En outre, comme avec les navigateurs informatiques, les navigateurs des appareils mobiles vous permettent de modifier les options ou les param\u00e8tres de confidentialit\u00e9 pour d\u00e9sactiver ou supprimer les cookies.<\/p>\n<!-- \/wp:paragraph --><!-- wp:paragraph -->\n<p>Si vous souhaitez modifier vos options de confidentialit\u00e9, veuillez suivre les instructions indiqu\u00e9es par le d\u00e9veloppeur de votre navigateur d\u2019appareils mobiles.<\/p>\n<!-- \/wp:paragraph --><!-- wp:paragraph -->\n<p>Voici quelques exemples de liens qui vous aideront \u00e0 modifier les param\u00e8tres de confidentialit\u00e9 de votre appareil mobile\u00a0:<\/p>\n<!-- \/wp:paragraph --><!-- wp:list -->\n<ul>\n<li><a><strong>IOS<\/strong><\/a>: (<a href=\"http:\/\/goo.gl\/61xevS\">http:\/\/goo.gl\/61xevS<\/a>)<\/li>\n<li><a><strong>Windows Phone<\/strong><\/a>: (<a href=\"https:\/\/goo.gl\/tKyb0y\">https:\/\/goo.gl\/tKyb0y<\/a>)\u00a0<\/li>\n<li><a><strong>Chrome Mobile<\/strong><\/a>: (<a href=\"http:\/\/goo.gl\/XJp7N\">http:\/\/goo.gl\/XJp7N<\/a>)<\/li>\n<li><a><strong>Opera Mobile<\/strong><\/a>: (<a href=\"http:\/\/goo.gl\/Nzr8s7)\">http:\/\/goo.gl\/Nzr8s7)<\/a><\/li>\n<\/ul>\n<!-- \/wp:list --><!-- wp:paragraph -->\n<p>\u00a0<\/p>\n<p><strong>6.- Acceptation des cookies<\/strong><\/p>\n<!-- \/wp:paragraph --><!-- wp:paragraph -->\n<p>Ce site Web n\u2019installe pas nos cookies sur les appareils des utilisateurs tant qu\u2019ils n\u2019ont pas accept\u00e9 l\u2019installation des cookies mentionn\u00e9s.<\/p>\n<!-- \/wp:paragraph --><!-- wp:paragraph -->\n<p>Veuillez noter que si vous n\u2019acceptez pas l\u2019installation de cookies ou ne d\u00e9sactivez aucun d\u2019entre eux dans le panneau de configuration des cookies, il est possible que certains services ne soient pas disponibles sans l\u2019utilisation de l\u2019un de ces cookies ou ne puissent pas acc\u00e9der \u00e0 certains services ou profiter pleinement de tout ce que ce site Web offre.<\/p>\n<!-- \/wp:paragraph -->\t\t\t\t\t\t<\/div>\n\t\t\t\t<\/div>\n\t\t\t\t\t<\/div>\n\t\t<\/div>\n\t\t\t\t\t\t\t<\/div>\n\t\t<\/section>\n\t\t\t\t\t\t\t<\/div>","protected":false},"excerpt":{"rendered":"<p>Cookies Policy CreaGeen SRL\u00a0 (\u201cCreaGeen\u201c) informs, through this Cookie Policy, about the use of data storage and retrieval devices in Users\u2019 terminal equipment. 1.- What are cookies? Cookies are files that are downloaded on the computer \/ smartphone \/ tablet of the user to access certain websites and applications that allow to store preferences of [&hellip;]<\/p>","protected":false},"author":1,"featured_media":0,"parent":0,"menu_order":0,"comment_status":"closed","ping_status":"closed","template":"","meta":{"footnotes":""},"class_list":["post-97","page","type-page","status-publish","hentry"],"_links":{"self":[{"href":"https:\/\/creageen.com\/fr\/wp-json\/wp\/v2\/pages\/97","targetHints":{"allow":["GET"]}}],"collection":[{"href":"https:\/\/creageen.com\/fr\/wp-json\/wp\/v2\/pages"}],"about":[{"href":"https:\/\/creageen.com\/fr\/wp-json\/wp\/v2\/types\/page"}],"author":[{"embeddable":true,"href":"https:\/\/creageen.com\/fr\/wp-json\/wp\/v2\/users\/1"}],"replies":[{"embeddable":true,"href":"https:\/\/creageen.com\/fr\/wp-json\/wp\/v2\/comments?post=97"}],"version-history":[{"count":8,"href":"https:\/\/creageen.com\/fr\/wp-json\/wp\/v2\/pages\/97\/revisions"}],"predecessor-version":[{"id":1677,"href":"https:\/\/creageen.com\/fr\/wp-json\/wp\/v2\/pages\/97\/revisions\/1677"}],"wp:attachment":[{"href":"https:\/\/creageen.com\/fr\/wp-json\/wp\/v2\/media?parent=97"}],"curies":[{"name":"wp","href":"https:\/\/api.w.org\/{rel}","templated":true}]}}